{"id":965,"date":"2015-04-16T10:42:07","date_gmt":"2015-04-16T10:42:07","guid":{"rendered":"http:\/\/www.globalkids.dk\/?page_id=965"},"modified":"2019-11-01T16:34:03","modified_gmt":"2019-11-01T16:34:03","slug":"2015-teatro-trono","status":"publish","type":"page","link":"https:\/\/www.globalkids.dk\/arkiv\/2015-teatro-trono\/","title":{"rendered":"2015 Teatro Trono"},"content":{"rendered":"<p>Teatro Tronos &#8220;frig\u00f8rende teaterp\u00e6dagogik&#8221; har hjulpet mange b\u00f8rn og unge p\u00e5 vej i El Alto, Bolivia. Gruppen kom til Danmark for 5. gang i 2015\u00a0og arbejdede b\u00e5de med skole- og gymnasieelever samt\u00a0teaterstuderende.<\/p>\n<p><a href=\"https:\/\/www.globalkids.dk\/wp-content\/uploads\/2019\/11\/Om-turne-Teatro-Trono-2015.pdf\">L\u00e6s\u00a0om bes\u00f8get og TEATERKUNST FOR KROP OG SJ\u00c6L<\/a><\/p>\n<p><a href=\"http:\/\/www.globalkids.dk\/wp-content\/uploads\/2015\/04\/Claudio-13.jpg\"><img loading=\"lazy\" decoding=\"async\" class=\"aligncenter wp-image-1052 size-large\" src=\"http:\/\/www.globalkids.dk\/wp-content\/uploads\/2015\/04\/Claudio-13-1024x768.jpg\" alt=\"OLYMPUS DIGITAL CAMERA\" width=\"1024\" height=\"768\" srcset=\"https:\/\/www.globalkids.dk\/wp-content\/uploads\/2015\/04\/Claudio-13-1024x768.jpg 1024w, https:\/\/www.globalkids.dk\/wp-content\/uploads\/2015\/04\/Claudio-13-300x225.jpg 300w, https:\/\/www.globalkids.dk\/wp-content\/uploads\/2015\/04\/Claudio-13.jpg 2048w\" sizes=\"auto, (max-width: 1024px) 100vw, 1024px\" \/><\/a><\/p>\n<ul class=\"children\">\n<li style=\"list-style-type: none;\">\n<ul class=\"children\">\n<li class=\"page_item page-item-1005\"><a href=\"http:\/\/www.globalkids.dk\/?page_id=1005\">Film: Vi bryder gr\u00e6nser ned<\/a><\/li>\n<\/ul>\n<\/li>\n<\/ul>\n<ul class=\"children\">\n<li style=\"list-style-type: none;\">\n<ul class=\"children\">\n<li class=\"page_item page-item-1005\"><a href=\"http:\/\/www.globalkids.dk\/?page_id=999\">OM TEATRO TRONO<\/a><\/li>\n<\/ul>\n<\/li>\n<\/ul>\n<ul class=\"children\">\n<li style=\"list-style-type: none;\">\n<ul class=\"children\">\n<li class=\"page_item page-item-1005\"><a href=\"http:\/\/www.globalkids.dk\/?page_id=981\">Presse<\/a><\/li>\n<\/ul>\n<\/li>\n<\/ul>\n<ul class=\"children\">\n<li style=\"list-style-type: none;\">\n<ul class=\"children\">\n<li class=\"page_item page-item-1005\"><a href=\"http:\/\/www.globalkids.dk\/?page_id=993\">Stykket \u201cArriba El Alto\u201d<\/a><\/li>\n<\/ul>\n<\/li>\n<\/ul>\n<ul class=\"children\">\n<li style=\"list-style-type: none;\">\n<ul class=\"children\">\n<li class=\"page_item page-item-1005\"><a href=\"http:\/\/www.globalkids.dk\/?page_id=972\">Hvem kommer<\/a><\/li>\n<\/ul>\n<\/li>\n<\/ul>\n<ul class=\"children\">\n<li class=\"page_item page-item-1005\"><a href=\"http:\/\/www.globalkids.dk\/?page_id=1062\">Program<\/a><\/li>\n<\/ul>\n","protected":false},"excerpt":{"rendered":"<p>Teatro Tronos &#8220;frig\u00f8rende teaterp\u00e6dagogik&#8221; har hjulpet mange b\u00f8rn og unge p\u00e5 vej i El Alto, Bolivia. Gruppen kom til Danmark for 5. gang i 2015\u00a0og arbejdede b\u00e5de med skole- og gymnasieelever samt\u00a0teaterstuderende. L\u00e6s\u00a0om bes\u00f8get og TEATERKUNST FOR KROP OG SJ\u00c6L Film: Vi bryder gr\u00e6nser ned OM TEATRO TRONO Presse Stykket \u201cArriba El Alto\u201d Hvem kommer [&hellip;]<\/p>\n","protected":false},"author":1,"featured_media":0,"parent":526,"menu_order":0,"comment_status":"open","ping_status":"open","template":"","meta":{"_genesis_hide_title":false,"_genesis_hide_breadcrumbs":false,"_genesis_hide_singular_image":false,"_genesis_hide_footer_widgets":false,"_genesis_custom_body_class":"","_genesis_custom_post_class":"","_genesis_layout":"","footnotes":""},"class_list":{"0":"post-965","1":"page","2":"type-page","3":"status-publish","5":"entry"},"_links":{"self":[{"href":"https:\/\/www.globalkids.dk\/wp-json\/wp\/v2\/pages\/965","targetHints":{"allow":["GET"]}}],"collection":[{"href":"https:\/\/www.globalkids.dk\/wp-json\/wp\/v2\/pages"}],"about":[{"href":"https:\/\/www.globalkids.dk\/wp-json\/wp\/v2\/types\/page"}],"author":[{"embeddable":true,"href":"https:\/\/www.globalkids.dk\/wp-json\/wp\/v2\/users\/1"}],"replies":[{"embeddable":true,"href":"https:\/\/www.globalkids.dk\/wp-json\/wp\/v2\/comments?post=965"}],"version-history":[{"count":5,"href":"https:\/\/www.globalkids.dk\/wp-json\/wp\/v2\/pages\/965\/revisions"}],"predecessor-version":[{"id":2620,"href":"https:\/\/www.globalkids.dk\/wp-json\/wp\/v2\/pages\/965\/revisions\/2620"}],"up":[{"embeddable":true,"href":"https:\/\/www.globalkids.dk\/wp-json\/wp\/v2\/pages\/526"}],"wp:attachment":[{"href":"https:\/\/www.globalkids.dk\/wp-json\/wp\/v2\/media?parent=965"}],"curies":[{"name":"wp","href":"https:\/\/api.w.org\/{rel}","templated":true}]}}