{"id":748,"date":"2014-05-19T12:15:32","date_gmt":"2014-05-19T12:15:32","guid":{"rendered":"http:\/\/www.globalkids.dk\/?page_id=748"},"modified":"2014-08-12T09:24:36","modified_gmt":"2014-08-12T09:24:36","slug":"forestillinger-og-workshops","status":"publish","type":"page","link":"https:\/\/www.globalkids.dk\/arkiv\/2014-nafsi\/forestillinger-og-workshops\/","title":{"rendered":"<!--:DA-->Forestillinger og workshops<!--:-->"},"content":{"rendered":"<p><!--:DA--><\/p>\n<h2><a href=\"http:\/\/www.globalkids.dk\/wp-content\/uploads\/2014\/05\/Sk\u00e6rmbillede-2014-05-19-kl.-14.28.05.png\"><img loading=\"lazy\" decoding=\"async\" class=\"alignnone size-full wp-image-755\" src=\"http:\/\/www.globalkids.dk\/wp-content\/uploads\/2014\/05\/Sk\u00e6rmbillede-2014-05-19-kl.-14.28.05.png\" alt=\"Sk\u00e6rmbillede 2014-05-19 kl. 14.28.05\" width=\"716\" height=\"535\" srcset=\"https:\/\/www.globalkids.dk\/wp-content\/uploads\/2014\/05\/Sk\u00e6rmbillede-2014-05-19-kl.-14.28.05.png 716w, https:\/\/www.globalkids.dk\/wp-content\/uploads\/2014\/05\/Sk\u00e6rmbillede-2014-05-19-kl.-14.28.05-300x224.png 300w\" sizes=\"auto, (max-width: 716px) 100vw, 716px\" \/><\/a><\/h2>\n<h2><strong>Forestilling: FLIK-FLAK\u00a0I SLUMMEN<\/strong><\/h2>\n<p>Varighed: cirka 1 time<\/p>\n<p>Scenekrav: Mindst 6 x 6 meter og 4 meter i h\u00f8jden. (Gruppen er dog fleksibel og kan udelade dele af forestillingen, hvis forholdene ikke er optimale). Gruppen kan optr\u00e6de p\u00e5 alle underlag, men det vil v\u00e6re en fordel med m\u00e5tter til dele af forestillingen.<\/p>\n<p>Musikanl\u00e6g (som computer kan tilsluttes).<\/p>\n<p><strong>Indhold: <\/strong><\/p>\n<p>N\u00e5r der ringes ud efter sidste time i kvarterets skoler skynder b\u00f8rnene sig at l\u00f8be hen til et \u00e5bent omr\u00e5de, hvor der er plads til at lege. Her \u00e5bner sig her en verden fyldt med sjov, l\u00e6ring og f\u00e6llesskab.<\/p>\n<p>Forestillingen er meget livlig og indeholder b\u00e5de heftige dans, sjove lege og halsbr\u00e6kkende akrobatik.<\/p>\n<p>Forestillingen afspejler livet, som det foreg\u00e5r i mange lokalsamfund, hvor b\u00f8rn \u2013 ligesom de har gjort gennem generationer \u2013 l\u00e6rer gennem leg og ved at kopiere de st\u00f8rre b\u00f8rn. De leger og l\u00e6rer om arbejde, k\u00f8n, kultur og kunst. De bruger, hvad de har omkring sig, til at skabe deres musik og deres lege.<\/p>\n<p>Forestillingen viser samtidig, hvad Nafsi som organisation handler om: At bruge \u00e5bne pladser i Nairobis slumomr\u00e5der til at give b\u00f8rn og unge en aktiv hverdag og at bruge kunst og kultur som v\u00e6rkt\u00f8j i b\u00f8rnenes uddannelse.<\/p>\n<h2>Workshops<\/h2>\n<p>Workshops af cirka 3 timers variged (incl. pauser). Nafsi underviser i<\/p>\n<p>&#8211; akrobatik<\/p>\n<p>&#8211; dans<\/p>\n<p>&#8211; trommer<!--:--><\/p>\n","protected":false},"excerpt":{"rendered":"<p>Forestilling: FLIK-FLAK\u00a0I SLUMMEN Varighed: cirka 1 time Scenekrav: Mindst 6 x 6 meter og 4 meter i h\u00f8jden. (Gruppen er dog fleksibel og kan udelade dele af forestillingen, hvis forholdene ikke er optimale). Gruppen kan optr\u00e6de p\u00e5 alle underlag, men det vil v\u00e6re en fordel med m\u00e5tter til dele af forestillingen. Musikanl\u00e6g (som computer kan [&hellip;]<\/p>\n","protected":false},"author":1,"featured_media":0,"parent":521,"menu_order":3,"comment_status":"open","ping_status":"open","template":"","meta":{"_genesis_hide_title":false,"_genesis_hide_breadcrumbs":false,"_genesis_hide_singular_image":false,"_genesis_hide_footer_widgets":false,"_genesis_custom_body_class":"","_genesis_custom_post_class":"","_genesis_layout":"","footnotes":""},"class_list":{"0":"post-748","1":"page","2":"type-page","3":"status-publish","5":"entry"},"_links":{"self":[{"href":"https:\/\/www.globalkids.dk\/wp-json\/wp\/v2\/pages\/748","targetHints":{"allow":["GET"]}}],"collection":[{"href":"https:\/\/www.globalkids.dk\/wp-json\/wp\/v2\/pages"}],"about":[{"href":"https:\/\/www.globalkids.dk\/wp-json\/wp\/v2\/types\/page"}],"author":[{"embeddable":true,"href":"https:\/\/www.globalkids.dk\/wp-json\/wp\/v2\/users\/1"}],"replies":[{"embeddable":true,"href":"https:\/\/www.globalkids.dk\/wp-json\/wp\/v2\/comments?post=748"}],"version-history":[{"count":6,"href":"https:\/\/www.globalkids.dk\/wp-json\/wp\/v2\/pages\/748\/revisions"}],"predecessor-version":[{"id":752,"href":"https:\/\/www.globalkids.dk\/wp-json\/wp\/v2\/pages\/748\/revisions\/752"}],"up":[{"embeddable":true,"href":"https:\/\/www.globalkids.dk\/wp-json\/wp\/v2\/pages\/521"}],"wp:attachment":[{"href":"https:\/\/www.globalkids.dk\/wp-json\/wp\/v2\/media?parent=748"}],"curies":[{"name":"wp","href":"https:\/\/api.w.org\/{rel}","templated":true}]}}