{"id":3776,"date":"2025-01-28T14:05:03","date_gmt":"2025-01-28T14:05:03","guid":{"rendered":"https:\/\/www.globalkids.dk\/?page_id=3776"},"modified":"2025-01-28T14:05:03","modified_gmt":"2025-01-28T14:05:03","slug":"nafsis-skolefomd","status":"publish","type":"page","link":"https:\/\/www.globalkids.dk\/nafsis-skolefomd\/","title":{"rendered":"Nafsis Skolefomd"},"content":{"rendered":"\n<p>Nafsis Skole- og Uddannelsesfond giver nogle af Nafsi\u2019s mest socialt udsatte b\u00f8rn og unge bedre mulighed for at g\u00e5 i skole. Fonden administreres af Spor Media i samarbejde med Nafsi og f\u00e5r st\u00f8tte af tidligere v\u00e6rtsfamilier og andre af Nafsis venner.<\/p>\n<p>I Kenya er det gratis at g\u00e5 i grundskole, men skolerne kr\u00e6ver alligevel penge til b\u00f8ger, mad m.m. N\u00e5r b\u00f8rnene skal i secondary school, bliver det dyrere &#8211; specielt hvis barnet skal p\u00e5 kostskole, hvad der for mange i Kenya er b\u00e5de naturligt og attraktivt.<\/p>\n<p>Mange af de unge i Nafsi kommer fra familier, der ikke kan betale, og Spor Media, der er ansvarlig for projekt Global Kids, har derfor sat sig for at indsamle midler, der kan st\u00f8tte b\u00f8rn og unges skolegang.<\/p>\n<p>I Nairobi st\u00e5r Nafsi for den direkte kontakt og betaling til hver enkelt skole. Der er stor forskel p\u00e5 hvor meget, de enkelte skoler kr\u00e6ver for skolegang, b\u00f8ger og bespisning, men for de fleste koster et \u00e5r i primary (grundskole) 300-500 kr, mens et \u00e5r i secondary koster fra 1.500 til 3.000 kr. Fonden betaler et mindre bel\u00f8b til Nafsis administration af programmet (10%). Spor Media f\u00e5r ingen penge.<\/p>\n<p>Kontakt Spor Media, hvis du vil vide mere (spor@spormedia.dk).<\/p>\n<p>L\u00e6s rapport fra skole\u00e5ret 2024: <a href=\"https:\/\/www.globalkids.dk\/wp-content\/uploads\/2025\/01\/Rapport-2024-DK-jan25.pdf\" class=\"pdfemb-viewer\" style=\"\" data-width=\"max\" data-height=\"max\" data-toolbar=\"bottom\" data-toolbar-fixed=\"off\">Rapport 2024 DK jan25<\/a><\/p>\n","protected":false},"excerpt":{"rendered":"<p>Nafsis Skole- og Uddannelsesfond giver nogle af Nafsi\u2019s mest socialt udsatte b\u00f8rn og unge bedre mulighed for at g\u00e5 i skole. Fonden administreres af Spor Media i samarbejde med Nafsi og f\u00e5r st\u00f8tte af tidligere v\u00e6rtsfamilier og andre af Nafsis venner. I Kenya er det gratis at g\u00e5 i grundskole, men skolerne kr\u00e6ver alligevel penge [&hellip;]<\/p>\n","protected":false},"author":3,"featured_media":0,"parent":0,"menu_order":0,"comment_status":"closed","ping_status":"closed","template":"","meta":{"_genesis_hide_title":false,"_genesis_hide_breadcrumbs":false,"_genesis_hide_singular_image":false,"_genesis_hide_footer_widgets":false,"_genesis_custom_body_class":"","_genesis_custom_post_class":"","_genesis_layout":"","footnotes":""},"class_list":{"0":"post-3776","1":"page","2":"type-page","3":"status-publish","5":"entry"},"_links":{"self":[{"href":"https:\/\/www.globalkids.dk\/wp-json\/wp\/v2\/pages\/3776","targetHints":{"allow":["GET"]}}],"collection":[{"href":"https:\/\/www.globalkids.dk\/wp-json\/wp\/v2\/pages"}],"about":[{"href":"https:\/\/www.globalkids.dk\/wp-json\/wp\/v2\/types\/page"}],"author":[{"embeddable":true,"href":"https:\/\/www.globalkids.dk\/wp-json\/wp\/v2\/users\/3"}],"replies":[{"embeddable":true,"href":"https:\/\/www.globalkids.dk\/wp-json\/wp\/v2\/comments?post=3776"}],"version-history":[{"count":4,"href":"https:\/\/www.globalkids.dk\/wp-json\/wp\/v2\/pages\/3776\/revisions"}],"predecessor-version":[{"id":3782,"href":"https:\/\/www.globalkids.dk\/wp-json\/wp\/v2\/pages\/3776\/revisions\/3782"}],"wp:attachment":[{"href":"https:\/\/www.globalkids.dk\/wp-json\/wp\/v2\/media?parent=3776"}],"curies":[{"name":"wp","href":"https:\/\/api.w.org\/{rel}","templated":true}]}}