{"id":3378,"date":"2023-04-05T07:37:58","date_gmt":"2023-04-05T07:37:58","guid":{"rendered":"https:\/\/www.globalkids.dk\/?page_id=3378"},"modified":"2024-01-02T13:19:57","modified_gmt":"2024-01-02T13:19:57","slug":"pressefotos-teatro-trono","status":"publish","type":"page","link":"https:\/\/www.globalkids.dk\/pressefotos-teatro-trono\/","title":{"rendered":"Presse Teatro Trono"},"content":{"rendered":"\n<p><a href=\"https:\/\/www.globalkids.dk\/wp-content\/uploads\/2024\/01\/Testrup-Teatro-Trono-tager-kampen-op.pdf\"><strong>Artikel<\/strong> fra bes\u00f8g p\u00e5 Testrup H\u00f8jskole: <strong>Teatro Trono tager kampen op <\/strong>&#8211; <em>af Oskar Lauge Dahlberg &#8211; <\/em><em>bragt i TUSM\u00d8RKEZONEN (E23). Se: https:\/\/www.globalkids.dk\/wp-content\/uploads\/2024\/01\/Testrup-Teatro-Trono-tager-kampen-op.pdf<\/em><img loading=\"lazy\" decoding=\"async\" class=\"alignright size-full wp-image-3641\" src=\"https:\/\/www.globalkids.dk\/wp-content\/uploads\/2024\/01\/Teatro-Trono-tager-kampen-op-scaled.jpg\" alt=\"\" width=\"2560\" height=\"1181\" srcset=\"https:\/\/www.globalkids.dk\/wp-content\/uploads\/2024\/01\/Teatro-Trono-tager-kampen-op-scaled.jpg 2560w, https:\/\/www.globalkids.dk\/wp-content\/uploads\/2024\/01\/Teatro-Trono-tager-kampen-op-300x138.jpg 300w, https:\/\/www.globalkids.dk\/wp-content\/uploads\/2024\/01\/Teatro-Trono-tager-kampen-op-1024x472.jpg 1024w, https:\/\/www.globalkids.dk\/wp-content\/uploads\/2024\/01\/Teatro-Trono-tager-kampen-op-768x354.jpg 768w, https:\/\/www.globalkids.dk\/wp-content\/uploads\/2024\/01\/Teatro-Trono-tager-kampen-op-1536x709.jpg 1536w, https:\/\/www.globalkids.dk\/wp-content\/uploads\/2024\/01\/Teatro-Trono-tager-kampen-op-2048x945.jpg 2048w\" sizes=\"auto, (max-width: 2560px) 100vw, 2560px\" \/><\/a><\/p>\n\n\n\n\n\n<p><strong>Pressemeddelelse:<\/strong> <a href=\"https:\/\/www.globalkids.dk\/wp-content\/uploads\/2023\/10\/Teatro-Trono-presse-Danmark-2023.pdf\" class=\"pdfemb-viewer\" style=\"\" data-width=\"max\" data-height=\"max\" data-toolbar=\"bottom\" data-toolbar-fixed=\"off\">Teatro Trono presse Danmark 2023<\/a><\/p>\n<p><strong>Download fotos: <\/strong>https:\/\/kinderkulturkarawane.de\/wp\/wp-content\/uploads\/2023\/02\/Fotos-Trono-2.zip<\/p>\n\n\n\n\n\n<figure class=\"wp-block-gallery has-nested-images columns-default is-cropped wp-block-gallery-1 is-layout-flex wp-block-gallery-is-layout-flex\">\n<figure class=\"wp-block-image size-large\"><img loading=\"lazy\" decoding=\"async\" width=\"1024\" height=\"683\" data-id=\"3379\" src=\"https:\/\/www.globalkids.dk\/wp-content\/uploads\/2023\/04\/Trono_7-1024x683.jpg\" alt=\"\" class=\"wp-image-3379\" srcset=\"https:\/\/www.globalkids.dk\/wp-content\/uploads\/2023\/04\/Trono_7-1024x683.jpg 1024w, https:\/\/www.globalkids.dk\/wp-content\/uploads\/2023\/04\/Trono_7-300x200.jpg 300w, https:\/\/www.globalkids.dk\/wp-content\/uploads\/2023\/04\/Trono_7-768x512.jpg 768w, https:\/\/www.globalkids.dk\/wp-content\/uploads\/2023\/04\/Trono_7-1536x1024.jpg 1536w, https:\/\/www.globalkids.dk\/wp-content\/uploads\/2023\/04\/Trono_7-2048x1365.jpg 2048w\" sizes=\"auto, (max-width: 1024px) 100vw, 1024px\" \/><\/figure>\n\n\n\n<figure class=\"wp-block-image size-large\"><img loading=\"lazy\" decoding=\"async\" width=\"1024\" height=\"727\" data-id=\"3380\" src=\"https:\/\/www.globalkids.dk\/wp-content\/uploads\/2023\/04\/Trono_6-1024x727.jpg\" alt=\"\" class=\"wp-image-3380\" srcset=\"https:\/\/www.globalkids.dk\/wp-content\/uploads\/2023\/04\/Trono_6-1024x727.jpg 1024w, https:\/\/www.globalkids.dk\/wp-content\/uploads\/2023\/04\/Trono_6-300x213.jpg 300w, https:\/\/www.globalkids.dk\/wp-content\/uploads\/2023\/04\/Trono_6-768x545.jpg 768w, https:\/\/www.globalkids.dk\/wp-content\/uploads\/2023\/04\/Trono_6-1536x1091.jpg 1536w, https:\/\/www.globalkids.dk\/wp-content\/uploads\/2023\/04\/Trono_6-2048x1454.jpg 2048w\" sizes=\"auto, (max-width: 1024px) 100vw, 1024px\" \/><\/figure>\n\n\n\n<figure class=\"wp-block-image size-large\"><img loading=\"lazy\" decoding=\"async\" width=\"1024\" height=\"789\" data-id=\"3381\" src=\"https:\/\/www.globalkids.dk\/wp-content\/uploads\/2023\/04\/Trono_5-1024x789.jpg\" alt=\"\" class=\"wp-image-3381\" srcset=\"https:\/\/www.globalkids.dk\/wp-content\/uploads\/2023\/04\/Trono_5-1024x789.jpg 1024w, https:\/\/www.globalkids.dk\/wp-content\/uploads\/2023\/04\/Trono_5-300x231.jpg 300w, https:\/\/www.globalkids.dk\/wp-content\/uploads\/2023\/04\/Trono_5-768x592.jpg 768w, https:\/\/www.globalkids.dk\/wp-content\/uploads\/2023\/04\/Trono_5-1536x1183.jpg 1536w, https:\/\/www.globalkids.dk\/wp-content\/uploads\/2023\/04\/Trono_5-2048x1578.jpg 2048w\" sizes=\"auto, (max-width: 1024px) 100vw, 1024px\" \/><\/figure>\n\n\n\n<figure class=\"wp-block-image size-large\"><img loading=\"lazy\" decoding=\"async\" width=\"1024\" height=\"719\" data-id=\"3382\" src=\"https:\/\/www.globalkids.dk\/wp-content\/uploads\/2023\/04\/Trono_4-1024x719.jpg\" alt=\"\" class=\"wp-image-3382\" srcset=\"https:\/\/www.globalkids.dk\/wp-content\/uploads\/2023\/04\/Trono_4-1024x719.jpg 1024w, https:\/\/www.globalkids.dk\/wp-content\/uploads\/2023\/04\/Trono_4-300x211.jpg 300w, https:\/\/www.globalkids.dk\/wp-content\/uploads\/2023\/04\/Trono_4-768x539.jpg 768w, https:\/\/www.globalkids.dk\/wp-content\/uploads\/2023\/04\/Trono_4-1536x1079.jpg 1536w, https:\/\/www.globalkids.dk\/wp-content\/uploads\/2023\/04\/Trono_4-2048x1438.jpg 2048w\" sizes=\"auto, (max-width: 1024px) 100vw, 1024px\" \/><\/figure>\n\n\n\n<figure class=\"wp-block-image size-large\"><img loading=\"lazy\" decoding=\"async\" width=\"767\" height=\"1024\" data-id=\"3383\" src=\"https:\/\/www.globalkids.dk\/wp-content\/uploads\/2023\/04\/Trono_2-767x1024.jpg\" alt=\"\" class=\"wp-image-3383\" srcset=\"https:\/\/www.globalkids.dk\/wp-content\/uploads\/2023\/04\/Trono_2-767x1024.jpg 767w, https:\/\/www.globalkids.dk\/wp-content\/uploads\/2023\/04\/Trono_2-225x300.jpg 225w, https:\/\/www.globalkids.dk\/wp-content\/uploads\/2023\/04\/Trono_2-768x1025.jpg 768w, https:\/\/www.globalkids.dk\/wp-content\/uploads\/2023\/04\/Trono_2-1151x1536.jpg 1151w, https:\/\/www.globalkids.dk\/wp-content\/uploads\/2023\/04\/Trono_2-1535x2048.jpg 1535w, https:\/\/www.globalkids.dk\/wp-content\/uploads\/2023\/04\/Trono_2-scaled.jpg 1918w\" sizes=\"auto, (max-width: 767px) 100vw, 767px\" \/><\/figure>\n\n\n\n<figure class=\"wp-block-image size-large\"><img loading=\"lazy\" decoding=\"async\" width=\"1024\" height=\"854\" data-id=\"3384\" src=\"https:\/\/www.globalkids.dk\/wp-content\/uploads\/2023\/04\/Trono_1-1024x854.jpg\" alt=\"\" class=\"wp-image-3384\" srcset=\"https:\/\/www.globalkids.dk\/wp-content\/uploads\/2023\/04\/Trono_1-1024x854.jpg 1024w, https:\/\/www.globalkids.dk\/wp-content\/uploads\/2023\/04\/Trono_1-300x250.jpg 300w, https:\/\/www.globalkids.dk\/wp-content\/uploads\/2023\/04\/Trono_1-768x641.jpg 768w, https:\/\/www.globalkids.dk\/wp-content\/uploads\/2023\/04\/Trono_1-1536x1281.jpg 1536w, https:\/\/www.globalkids.dk\/wp-content\/uploads\/2023\/04\/Trono_1-2048x1709.jpg 2048w\" sizes=\"auto, (max-width: 1024px) 100vw, 1024px\" \/><\/figure>\n<\/figure>\n\n\n\n<p><\/p>\n","protected":false},"excerpt":{"rendered":"<p>Artikel fra bes\u00f8g p\u00e5 Testrup H\u00f8jskole: Teatro Trono tager kampen op &#8211; af Oskar Lauge Dahlberg &#8211; bragt i TUSM\u00d8RKEZONEN (E23). Se: https:\/\/www.globalkids.dk\/wp-content\/uploads\/2024\/01\/Testrup-Teatro-Trono-tager-kampen-op.pdf Pressemeddelelse: Download fotos: https:\/\/kinderkulturkarawane.de\/wp\/wp-content\/uploads\/2023\/02\/Fotos-Trono-2.zip<\/p>\n","protected":false},"author":3,"featured_media":0,"parent":0,"menu_order":0,"comment_status":"closed","ping_status":"closed","template":"","meta":{"_genesis_hide_title":false,"_genesis_hide_breadcrumbs":false,"_genesis_hide_singular_image":false,"_genesis_hide_footer_widgets":false,"_genesis_custom_body_class":"","_genesis_custom_post_class":"","_genesis_layout":"","footnotes":""},"class_list":{"0":"post-3378","1":"page","2":"type-page","3":"status-publish","5":"entry"},"_links":{"self":[{"href":"https:\/\/www.globalkids.dk\/wp-json\/wp\/v2\/pages\/3378","targetHints":{"allow":["GET"]}}],"collection":[{"href":"https:\/\/www.globalkids.dk\/wp-json\/wp\/v2\/pages"}],"about":[{"href":"https:\/\/www.globalkids.dk\/wp-json\/wp\/v2\/types\/page"}],"author":[{"embeddable":true,"href":"https:\/\/www.globalkids.dk\/wp-json\/wp\/v2\/users\/3"}],"replies":[{"embeddable":true,"href":"https:\/\/www.globalkids.dk\/wp-json\/wp\/v2\/comments?post=3378"}],"version-history":[{"count":15,"href":"https:\/\/www.globalkids.dk\/wp-json\/wp\/v2\/pages\/3378\/revisions"}],"predecessor-version":[{"id":3645,"href":"https:\/\/www.globalkids.dk\/wp-json\/wp\/v2\/pages\/3378\/revisions\/3645"}],"wp:attachment":[{"href":"https:\/\/www.globalkids.dk\/wp-json\/wp\/v2\/media?parent=3378"}],"curies":[{"name":"wp","href":"https:\/\/api.w.org\/{rel}","templated":true}]}}