{"id":1862,"date":"2019-06-03T10:55:59","date_gmt":"2019-06-03T10:55:59","guid":{"rendered":"https:\/\/www.globalkids.dk\/?page_id=1862"},"modified":"2019-08-22T18:10:10","modified_gmt":"2019-08-22T18:10:10","slug":"workshops-og-forestillinger","status":"publish","type":"page","link":"https:\/\/www.globalkids.dk\/2019-sosolya-uganda\/workshops-og-forestillinger\/","title":{"rendered":"Workshops og forestillinger"},"content":{"rendered":"\n<p>De unge i <strong>Sosolya<\/strong> g\u00e5r op i emner som klimaforandringer, milj\u00f8 og menneskerettigheder, og deres forestilling om den ber\u00f8mte chimpanse <em>Zakayo<\/em> l\u00e6gger op til diskussion om menneskers forhold til natur.<\/p>\n\n\n\n<figure class=\"wp-block-image\"><img loading=\"lazy\" decoding=\"async\" width=\"1024\" height=\"741\" src=\"https:\/\/www.globalkids.dk\/wp-content\/uploads\/2019\/08\/Sosolya-gruppe_1200x868-1024x741.jpg\" alt=\"\" class=\"wp-image-2299\" srcset=\"https:\/\/www.globalkids.dk\/wp-content\/uploads\/2019\/08\/Sosolya-gruppe_1200x868-1024x741.jpg 1024w, https:\/\/www.globalkids.dk\/wp-content\/uploads\/2019\/08\/Sosolya-gruppe_1200x868-300x217.jpg 300w, https:\/\/www.globalkids.dk\/wp-content\/uploads\/2019\/08\/Sosolya-gruppe_1200x868-768x556.jpg 768w, https:\/\/www.globalkids.dk\/wp-content\/uploads\/2019\/08\/Sosolya-gruppe_1200x868.jpg 1200w\" sizes=\"auto, (max-width: 1024px) 100vw, 1024px\" \/><\/figure>\n\n\n\n<p>Ud over forestillingen tilbyder de unge fra Sosolya workshops i traditionelle danse og traditionelle instrumenter.<\/p>\n\n\n\n<p><strong>Gl\u00e6den ved dansen<\/strong><br>Sosolyas stiftere er overbeviste om, at dans er den bedste m\u00e5de at udtrykke sig p\u00e5 og \u00e5bne sig for andre mennesker. De bruger hele kroppen &#8211; typisk for  Uganda danse med fokus p\u00e5 stamp, hofter, maver og arme. Ved at involvere publikum g\u00f8r gruppen deres f\u00f8lelser og tanker synlige og h\u00e5ndgribelige for alle. De unge artister f\u00e5r energi fra musik og dans &#8211; de gl\u00e6der sig  og fejrer livet. &#8220;De, der danser, glemmer volden og krigene omkring sig og anerkender selve livet,&#8221; siger Mark L. Mugwanya, medstifter af Sosolya.<br><br>Sosolya kombinerer traditionelle afrikanske trommer samt strenge- og slaginstrumenter fra forskellige stammer, hvilket skaber en helt ny forst\u00e5else af musik. <\/p>\n\n\n\n<p><strong>Historien om Zakayo<\/strong> <\/p>\n\n\n\n<p>Zakayo var en popul\u00e6r chimpanse i Uganda: han d\u00f8de i april 2018 i en alder af 54 \u00e5r i Uganda Wildlife Education Center og var verdens \u00e6ldste chimpanse i fangenskab<\/p>\n\n\n\n<p>Stykket fort\u00e6ller om \u00f8del\u00e6ggelserne af \u200b\u200bregnskoven, hvor Zakayo lever som ung chimpanse. Tr\u00e6erne bliver f\u00e6ldet af mennesker, der vil tjene penge p\u00e5 at dyrke kakao, og den oprindelige skov m\u00e5 vige for kakaoplantager. Zakayo bliver fanget og l\u00e5st inde i et bur i en zoologisk have. <\/p>\n\n\n\n<p>Her bliver han fundet af en journalist, der bliver ber\u00f8rt af Zakayos sk\u00e6bne. Han beslutter sig for at befri den unge abe og indsamler penge til at genplante skoven.  Men desv\u00e6rre d\u00f8r Zakayo, f\u00f8r den lovede skov bliver realiseret<\/p>\n\n\n\n<p><em>&#8220;Hvis vi vil arbejde for klimaretf\u00e6rdighed, m\u00e5 vi (igen) l\u00e6re vores natur at kende og l\u00e6re at v\u00e6rds\u00e6tte den&#8221;<\/em>, siger \u200b\u200bde unge kunstnere i Sosolya. De besluttede sig for at rejse til &#8220;Kibale National Park&#8221; og &#8220;Bwindi Impenetrable National Park Uganda&#8221; (UNESCO World Heritage), hvor de sidste frie bjerggorillaer lever. Deres oplevelser fra rejsen indg\u00e5r i forestillingen om Zakayo.<\/p>\n\n\n\n<p>Med drama, musik og dans fort\u00e6ller Sosolya &#8220;Zakayos historie&#8221;. Stykket er lavet i samarbejde med den kendte ugandiske dramatiker og samfundskritiker Alex Muku.<\/p>\n\n\n\n<figure class=\"wp-block-image\"><img loading=\"lazy\" decoding=\"async\" width=\"800\" height=\"601\" src=\"https:\/\/www.globalkids.dk\/wp-content\/uploads\/2019\/06\/sosolya_01_WEB_800x600.jpg\" alt=\"\" class=\"wp-image-1864\" srcset=\"https:\/\/www.globalkids.dk\/wp-content\/uploads\/2019\/06\/sosolya_01_WEB_800x600.jpg 800w, https:\/\/www.globalkids.dk\/wp-content\/uploads\/2019\/06\/sosolya_01_WEB_800x600-300x225.jpg 300w, https:\/\/www.globalkids.dk\/wp-content\/uploads\/2019\/06\/sosolya_01_WEB_800x600-768x577.jpg 768w\" sizes=\"auto, (max-width: 800px) 100vw, 800px\" \/><\/figure>\n","protected":false},"excerpt":{"rendered":"<p>De unge i Sosolya g\u00e5r op i emner som klimaforandringer, milj\u00f8 og menneskerettigheder, og deres forestilling om den ber\u00f8mte chimpanse Zakayo l\u00e6gger op til diskussion om menneskers forhold til natur. Ud over forestillingen tilbyder de unge fra Sosolya workshops i traditionelle danse og traditionelle instrumenter. Gl\u00e6den ved dansenSosolyas stiftere er overbeviste om, at dans er [&hellip;]<\/p>\n","protected":false},"author":3,"featured_media":0,"parent":1848,"menu_order":0,"comment_status":"closed","ping_status":"closed","template":"","meta":{"_genesis_hide_title":false,"_genesis_hide_breadcrumbs":false,"_genesis_hide_singular_image":false,"_genesis_hide_footer_widgets":false,"_genesis_custom_body_class":"","_genesis_custom_post_class":"","_genesis_layout":"","footnotes":""},"class_list":{"0":"post-1862","1":"page","2":"type-page","3":"status-publish","5":"entry"},"_links":{"self":[{"href":"https:\/\/www.globalkids.dk\/wp-json\/wp\/v2\/pages\/1862","targetHints":{"allow":["GET"]}}],"collection":[{"href":"https:\/\/www.globalkids.dk\/wp-json\/wp\/v2\/pages"}],"about":[{"href":"https:\/\/www.globalkids.dk\/wp-json\/wp\/v2\/types\/page"}],"author":[{"embeddable":true,"href":"https:\/\/www.globalkids.dk\/wp-json\/wp\/v2\/users\/3"}],"replies":[{"embeddable":true,"href":"https:\/\/www.globalkids.dk\/wp-json\/wp\/v2\/comments?post=1862"}],"version-history":[{"count":6,"href":"https:\/\/www.globalkids.dk\/wp-json\/wp\/v2\/pages\/1862\/revisions"}],"predecessor-version":[{"id":2300,"href":"https:\/\/www.globalkids.dk\/wp-json\/wp\/v2\/pages\/1862\/revisions\/2300"}],"up":[{"embeddable":true,"href":"https:\/\/www.globalkids.dk\/wp-json\/wp\/v2\/pages\/1848"}],"wp:attachment":[{"href":"https:\/\/www.globalkids.dk\/wp-json\/wp\/v2\/media?parent=1862"}],"curies":[{"name":"wp","href":"https:\/\/api.w.org\/{rel}","templated":true}]}}