{"id":1591,"date":"2017-06-09T13:20:46","date_gmt":"2017-06-09T13:20:46","guid":{"rendered":"http:\/\/www.globalkids.dk\/?page_id=1591"},"modified":"2019-11-01T14:01:24","modified_gmt":"2019-11-01T14:01:24","slug":"stop-india-i-undervisningen","status":"publish","type":"page","link":"https:\/\/www.globalkids.dk\/arkiv\/stop-india\/stop-india-i-undervisningen\/","title":{"rendered":"STOP India i undervisningen"},"content":{"rendered":"<p><a href=\"http:\/\/www.verdensmaalene.dk\/\"><strong>FNs Verdensm\u00e5l <\/strong>for b\u00e6redygtig udvikling:<\/a> Viden om de 17 nye verdensm\u00e5l, baggrundsinformation om verdens udviklingstilstand og tendenser, samt konkrete \u00f8velser til netop dit fag.<\/p>\n<p><a href=\"http:\/\/www.globalis.dk\/Lande\/Indien\"><strong>Facts om Indien <\/strong><\/a>Indien er et af verdens st\u00f8rste og mest folkerige lande, og en af verdens f\u00f8rste avancerede civilisationer opstod i landet for mere end 5000 \u00e5r siden. I dag er landet pr\u00e6get af store forskelle og eksplosiv befolkningstilv\u00e6kst.<\/p>\n<p><a href=\"https:\/\/da.wikibooks.org\/wiki\/IndiensPortalen\"><strong>Indiensportalen<\/strong><\/a> giver viden og forst\u00e5else af Indien i fortid og nutid til alle fag.<\/p>\n<p><a href=\"https:\/\/www.dr.dk\/undervisning\/samfundsfag\/kasteloese-i-indien\"><strong>Kastel\u00f8se i Indien:<\/strong><\/a> Kastesystemet har v\u00e6ret en del af hinduistiske samfund de sidste 3000 \u00e5r. Det bygger p\u00e5 fire kaster, man f\u00f8des ind i. Den femte gruppe er de kastel\u00f8se p\u00e5 samfundets bund.<\/p>\n<p><a href=\"http:\/\/filmcentralen.dk\/grundskolen\/film?field_topics=%22Indien%22\"><strong>Indien film &#8211; Filmcentralen<\/strong><\/a><\/p>\n<p><strong>Salaam film: <a href=\"http:\/\/www.salaam.dk\/film\/indiens-dotre\/\">Indiens d\u00f8tre<\/a><\/strong><\/p>\n<p><a href=\"https:\/\/www.theguardian.com\/global-development\/2017\/jul\/30\/global-development-india-child-trafficking\"><strong>Bortf\u00f8rte b\u00f8rn i Indien \/ The Guardian<\/strong><\/a><\/p>\n","protected":false},"excerpt":{"rendered":"<p>FNs Verdensm\u00e5l for b\u00e6redygtig udvikling: Viden om de 17 nye verdensm\u00e5l, baggrundsinformation om verdens udviklingstilstand og tendenser, samt konkrete \u00f8velser til netop dit fag. Facts om Indien Indien er et af verdens st\u00f8rste og mest folkerige lande, og en af verdens f\u00f8rste avancerede civilisationer opstod i landet for mere end 5000 \u00e5r siden. I dag [&hellip;]<\/p>\n","protected":false},"author":3,"featured_media":0,"parent":1498,"menu_order":0,"comment_status":"closed","ping_status":"closed","template":"","meta":{"_genesis_hide_title":false,"_genesis_hide_breadcrumbs":false,"_genesis_hide_singular_image":false,"_genesis_hide_footer_widgets":false,"_genesis_custom_body_class":"","_genesis_custom_post_class":"","_genesis_layout":"","footnotes":""},"class_list":{"0":"post-1591","1":"page","2":"type-page","3":"status-publish","5":"entry"},"_links":{"self":[{"href":"https:\/\/www.globalkids.dk\/wp-json\/wp\/v2\/pages\/1591","targetHints":{"allow":["GET"]}}],"collection":[{"href":"https:\/\/www.globalkids.dk\/wp-json\/wp\/v2\/pages"}],"about":[{"href":"https:\/\/www.globalkids.dk\/wp-json\/wp\/v2\/types\/page"}],"author":[{"embeddable":true,"href":"https:\/\/www.globalkids.dk\/wp-json\/wp\/v2\/users\/3"}],"replies":[{"embeddable":true,"href":"https:\/\/www.globalkids.dk\/wp-json\/wp\/v2\/comments?post=1591"}],"version-history":[{"count":8,"href":"https:\/\/www.globalkids.dk\/wp-json\/wp\/v2\/pages\/1591\/revisions"}],"predecessor-version":[{"id":2605,"href":"https:\/\/www.globalkids.dk\/wp-json\/wp\/v2\/pages\/1591\/revisions\/2605"}],"up":[{"embeddable":true,"href":"https:\/\/www.globalkids.dk\/wp-json\/wp\/v2\/pages\/1498"}],"wp:attachment":[{"href":"https:\/\/www.globalkids.dk\/wp-json\/wp\/v2\/media?parent=1591"}],"curies":[{"name":"wp","href":"https:\/\/api.w.org\/{rel}","templated":true}]}}