{"id":1233,"date":"2016-05-17T11:50:09","date_gmt":"2016-05-17T11:50:09","guid":{"rendered":"http:\/\/www.globalkids.dk\/?page_id=1233"},"modified":"2016-09-16T07:59:30","modified_gmt":"2016-09-16T07:59:30","slug":"forestillingen-takataka","status":"publish","type":"page","link":"https:\/\/www.globalkids.dk\/arkiv\/2016-nafsi-africa\/forestillingen-takataka\/","title":{"rendered":"Forestillingen TAKATAKA"},"content":{"rendered":"<p><a href=\"http:\/\/www.globalkids.dk\/wp-content\/uploads\/2016\/05\/black-river-skrald.jpg\"><img loading=\"lazy\" decoding=\"async\" class=\"size-medium wp-image-1234 alignright\" src=\"http:\/\/www.globalkids.dk\/wp-content\/uploads\/2016\/05\/black-river-skrald-300x200.jpg\" alt=\"black river skrald\" width=\"300\" height=\"200\" srcset=\"https:\/\/www.globalkids.dk\/wp-content\/uploads\/2016\/05\/black-river-skrald-300x200.jpg 300w, https:\/\/www.globalkids.dk\/wp-content\/uploads\/2016\/05\/black-river-skrald-1024x683.jpg 1024w\" sizes=\"auto, (max-width: 300px) 100vw, 300px\" \/><\/a><strong>TAKATAKA er en livlig forestilling med akrobatik, dans, sang, musik og humor.<\/strong><\/p>\n<p>TAKATAKA betyder skrald eller affald p\u00e5 swahili. I Nairobi er der nemlig masser af skrald, der forringer livskvaliteten for mennesker og dyr.\u00a0Skrald h\u00e6nger sammen med forbrug og med<a href=\"http:\/\/www.globalkids.dk\/?page_id=1223\"> FNs Verdensm\u00e5l nr. 12 om \u2018b\u00e6redygtige forbrugs- og produktionsm\u00f8nstre\u2019.\u00a0<\/a><\/p>\n<p><span data-offset-key=\"ebhrh-0-0\"><span data-text=\"true\">TAKATAKA er ogs\u00e5 navnet p\u00e5 Nafsi Africa&#8217;s forestilling om virkeligheden i Nairobi, Kenya og mange steder i verden. Med akrobatik, dans og trommer fort\u00e6ller de unge om en hverdag i slummen pr\u00e6get af h\u00e5bl\u00f8shed, forurening og affald, men ogs\u00e5 om, hvordan man sammen kan l\u00f8se problemerne. Det er en historie, som de unge fra Nafsi kender, da de alle kommer fra lignende baggrunde.<\/span><\/span><\/p>\n<p><span style=\"color: #ff0000;\"><strong>HISTORIEN<\/strong><\/span><\/p>\n<p>\u201dDer var engang en ren landsby med venlige og glade beboere. Men en\u00a0dag\u00a0fik de problemer.\u201d Abongo fort\u00e6ller historien om landsbyen, der bliver ber\u00f8rt af forurening og andre menneskeskabte problemer. Forureningen resulterer i krise og sygdomsudbrud. F\u00f8rst tilkaldes den lokale medicinmand, men da det ikke hj\u00e6lper, m\u00e5 videnskaben til. Heldigvis bliver den syge rask, og beboerne finder ud af sammen at tage vare om problemerne og fors\u00f8ger at genskabe den lykkelige landsby, den var engang.<\/p>\n<p><span style=\"color: #ff0000;\"><strong>PRAKTISK<\/strong><\/span><\/p>\n<p>Scene: Mindst 7 X 7 meter og 4 meter i h\u00f8jden.<\/p>\n<p>Gruppen kan selv komme med lydudstyr.<\/p>\n<p>Forberedelse: 1 time eller mere.<\/p>\n<p>Antal publikum: ubegr\u00e6nset.<\/p>\n<p>Forestillingens l\u00e6ngde circa 45 minutter med mulighed for efterf\u00f8lgende samtale.<\/p>\n<p>&nbsp;<\/p>\n","protected":false},"excerpt":{"rendered":"<p>TAKATAKA er en livlig forestilling med akrobatik, dans, sang, musik og humor. TAKATAKA betyder skrald eller affald p\u00e5 swahili. I Nairobi er der nemlig masser af skrald, der forringer livskvaliteten for mennesker og dyr.\u00a0Skrald h\u00e6nger sammen med forbrug og med FNs Verdensm\u00e5l nr. 12 om \u2018b\u00e6redygtige forbrugs- og produktionsm\u00f8nstre\u2019.\u00a0 TAKATAKA er ogs\u00e5 navnet p\u00e5 Nafsi [&hellip;]<\/p>\n","protected":false},"author":3,"featured_media":0,"parent":1119,"menu_order":0,"comment_status":"closed","ping_status":"closed","template":"","meta":{"_genesis_hide_title":false,"_genesis_hide_breadcrumbs":false,"_genesis_hide_singular_image":false,"_genesis_hide_footer_widgets":false,"_genesis_custom_body_class":"","_genesis_custom_post_class":"","_genesis_layout":"","footnotes":""},"class_list":{"0":"post-1233","1":"page","2":"type-page","3":"status-publish","5":"entry"},"_links":{"self":[{"href":"https:\/\/www.globalkids.dk\/wp-json\/wp\/v2\/pages\/1233","targetHints":{"allow":["GET"]}}],"collection":[{"href":"https:\/\/www.globalkids.dk\/wp-json\/wp\/v2\/pages"}],"about":[{"href":"https:\/\/www.globalkids.dk\/wp-json\/wp\/v2\/types\/page"}],"author":[{"embeddable":true,"href":"https:\/\/www.globalkids.dk\/wp-json\/wp\/v2\/users\/3"}],"replies":[{"embeddable":true,"href":"https:\/\/www.globalkids.dk\/wp-json\/wp\/v2\/comments?post=1233"}],"version-history":[{"count":8,"href":"https:\/\/www.globalkids.dk\/wp-json\/wp\/v2\/pages\/1233\/revisions"}],"predecessor-version":[{"id":1435,"href":"https:\/\/www.globalkids.dk\/wp-json\/wp\/v2\/pages\/1233\/revisions\/1435"}],"up":[{"embeddable":true,"href":"https:\/\/www.globalkids.dk\/wp-json\/wp\/v2\/pages\/1119"}],"wp:attachment":[{"href":"https:\/\/www.globalkids.dk\/wp-json\/wp\/v2\/media?parent=1233"}],"curies":[{"name":"wp","href":"https:\/\/api.w.org\/{rel}","templated":true}]}}